{"id":1493,"date":"2021-02-27T15:09:35","date_gmt":"2021-02-27T14:09:35","guid":{"rendered":"http:\/\/ekorrigans.fr\/?page_id=1493"},"modified":"2023-08-29T23:08:26","modified_gmt":"2023-08-29T21:08:26","slug":"elementor-1493","status":"publish","type":"page","link":"https:\/\/ekorrigans.fr\/index.php\/elementor-1493\/","title":{"rendered":"Dans la cuisine 2"},"content":{"rendered":"\t\t<div data-elementor-type=\"wp-page\" data-elementor-id=\"1493\" class=\"elementor elementor-1493\">\n\t\t\t\t\t\t<section class=\"elementor-section elementor-top-section elementor-element elementor-element-fd93b88 elementor-section-boxed elementor-section-height-default elementor-section-height-default\" data-id=\"fd93b88\" data-element_type=\"section\" data-e-type=\"section\">\n\t\t\t\t\t\t<div class=\"elementor-container elementor-column-gap-default\">\n\t\t\t\t\t<div class=\"elementor-column elementor-col-100 elementor-top-column elementor-element elementor-element-50f5731\" data-id=\"50f5731\" data-element_type=\"column\" data-e-type=\"column\">\n\t\t\t<div class=\"elementor-widget-wrap elementor-element-populated\">\n\t\t\t\t\t\t<div class=\"elementor-element elementor-element-2c67730 elementor-widget elementor-widget-heading\" data-id=\"2c67730\" data-element_type=\"widget\" data-e-type=\"widget\" data-widget_type=\"heading.default\">\n\t\t\t\t<div class=\"elementor-widget-container\">\n\t\t\t\t\t<h2 class=\"elementor-heading-title elementor-size-default\">Dans la cuisine<\/h2>\t\t\t\t<\/div>\n\t\t\t\t<\/div>\n\t\t\t\t<div class=\"elementor-element elementor-element-053f2b0 elementor-widget elementor-widget-shortcode\" data-id=\"053f2b0\" data-element_type=\"widget\" data-e-type=\"widget\" data-widget_type=\"shortcode.default\">\n\t\t\t\t<div class=\"elementor-widget-container\">\n\t\t\t\t\t\t\t<div class=\"elementor-shortcode\">\n<div aria-live=\"polite\" id=\"soliloquy-container-1510_1\" class=\"soliloquy-container soliloquy-transition-fade  soliloquy-theme-base\" style=\"max-width:959px;max-height:719px;\"><ul id=\"soliloquy-1510_1\" class=\"soliloquy-slider soliloquy-slides soliloquy-wrap soliloquy-clear\"><li aria-hidden=\"true\" class=\"soliloquy-item soliloquy-item-1 soliloquy-image-slide\" draggable=\"false\" style=\"list-style:none\"><img decoding=\"async\" id=\"soliloquy-image-375\" class=\"soliloquy-image soliloquy-image-1\" src=\"https:\/\/ekorrigans.fr\/wp-content\/uploads\/2020\/12\/image0000051.jpg\" alt=\"image0000051\" \/><\/li><li aria-hidden=\"true\" class=\"soliloquy-item soliloquy-item-2 soliloquy-image-slide\" draggable=\"false\" style=\"list-style:none\"><img decoding=\"async\" id=\"soliloquy-image-374\" class=\"soliloquy-image soliloquy-image-2\" src=\"https:\/\/ekorrigans.fr\/wp-content\/uploads\/2020\/12\/image0000041.jpg\" alt=\"image0000041\" \/><\/li><li aria-hidden=\"true\" class=\"soliloquy-item soliloquy-item-3 soliloquy-image-slide\" draggable=\"false\" style=\"list-style:none\"><img decoding=\"async\" id=\"soliloquy-image-370\" class=\"soliloquy-image soliloquy-image-3\" src=\"https:\/\/ekorrigans.fr\/wp-content\/uploads\/2020\/12\/image00000012.jpg\" alt=\"image00000012\" \/><\/li><\/ul><\/div><noscript><style type=\"text\/css\">#soliloquy-container-1510_1{opacity:1}<\/style><\/noscript><\/div>\n\t\t\t\t\t\t<\/div>\n\t\t\t\t<\/div>\n\t\t\t\t\t<\/div>\n\t\t<\/div>\n\t\t\t\t\t<\/div>\n\t\t<\/section>\n\t\t\t\t<section class=\"elementor-section elementor-top-section elementor-element elementor-element-305d029 elementor-section-boxed elementor-section-height-default elementor-section-height-default\" data-id=\"305d029\" data-element_type=\"section\" data-e-type=\"section\">\n\t\t\t\t\t\t<div class=\"elementor-container elementor-column-gap-default\">\n\t\t\t\t\t<div class=\"elementor-column elementor-col-100 elementor-top-column elementor-element elementor-element-dd2aef8\" data-id=\"dd2aef8\" data-element_type=\"column\" data-e-type=\"column\">\n\t\t\t<div class=\"elementor-widget-wrap elementor-element-populated\">\n\t\t\t\t\t\t<div class=\"elementor-element elementor-element-5fb70f6 elementor-widget elementor-widget-text-editor\" data-id=\"5fb70f6\" data-element_type=\"widget\" data-e-type=\"widget\" data-widget_type=\"text-editor.default\">\n\t\t\t\t<div class=\"elementor-widget-container\">\n\t\t\t\t\t\t\t\t\t<p><strong><span style=\"font-family: Risque, sans-serif; font-size: 18px; color: #800080;\"><span style=\"font-size: 18px;\">Les solutions de remplacements dans la cuisine sont diverses et vari\u00e9es. Ne jetez que si n\u00e9cessaire et remplacez au fur et \u00e0 mesure de vos besoins<\/span> :<\/span><\/strong><\/p>\n<ul style=\"font-size: 18px; font-weight: 400; font-family: Risque, sans-serif;\">\n<li style=\"font-size: 18px; font-weight: 400;\"><span style=\"font-size: 18px; font-weight: 400; color: #800080;\">vos bo\u00eetes de conservation \u2192 des bocaux en verre<\/span><\/li>\n<li style=\"font-size: 18px; font-weight: 400;\"><span style=\"font-size: 18px; font-weight: 400; color: #800080;\">vos couverts pour cuisiner \u2192 des ustensiles en inox<\/span><\/li>\n<li style=\"font-size: 18px; font-weight: 400;\"><span style=\"font-size: 18px; font-weight: 400; color: #800080;\">les serviettes de tables \u2192 des lavables faites dans de vieux draps par exemple <br \/><\/span><\/li>\n<li style=\"font-size: 18px; font-weight: 400;\"><span style=\"font-size: 18px; font-weight: 400; color: #800080;\">le liquide vaisselle et savon mains peut se trouver facilement en vrac<\/span><\/li>\n<li style=\"font-size: 18px; font-weight: 400;\"><span style=\"font-size: 18px; font-weight: 400; color: #800080;\">l&rsquo;essuie-tout \u2192 des feuilles lavables faites dans de vieilles serviettes de toilette<\/span><\/li>\n<li style=\"font-size: 18px; font-weight: 400;\"><span style=\"font-size: 18px; font-weight: 400; color: #800080;\">les \u00e9ponges \u2192 des Tawashi qui passent tr\u00e8s facilement \u00e0 la machine, ou par une brosse \u00e0 t\u00eate changeable en bois<\/span><\/li>\n<li><span style=\"color: #800080;\">les \u00e9ponges \u00ab\u00a0grattounettes\u00a0\u00bb \u2192 des coquilles d&rsquo;oeufs broy\u00e9es <br \/><\/span><\/li>\n<li style=\"font-size: 18px; font-weight: 400;\"><span style=\"font-size: 18px; font-weight: 400; color: #800080;\">vos produits m\u00e9nagers peuvent petit \u00e0 petit \u00eatre remplac\u00e9s par du bicarbonate de soude, du vinaigre, du savon noir, du percarbonate, acide citrique. Ce sont l\u00e0 les produits de base \u00e0 l&rsquo;\u00e9laboration des recettes.<\/span><\/li>\n<\/ul>\n<p style=\"font-size: 18px; font-weight: 400; font-family: Risque, sans-serif;\"><strong><span style=\"font-size: 24px; color: #800080;\"><span style=\"font-size: 24px;\">Les recettes :<\/span><\/span><\/strong><\/p>\n<p><span style=\"color: #cc99ff;\"><strong>Toutes nos recettes ont \u00e9t\u00e9 test\u00e9es et approuv\u00e9es par des membres de notre association.<\/strong><\/span><\/p>\n<ul style=\"font-size: 18px; font-weight: 400; font-family: Risque, sans-serif;\">\n<li style=\"font-size: 18px; font-style: normal; font-weight: 400; color: rgba(32, 30, 30, 0.81);\"><span style=\"color: #800080;\"><span style=\"font-size: 18px; font-weight: 400;\"><span style=\"text-decoration: underline;\"><span style=\"font-size: 18px; font-weight: 400;\">Liquide vaisselle<\/span><\/span>\u00a0:<\/span>\u00a0<span style=\"font-size: 18px; font-weight: 400;\">pour 500 ml de produit : 150 g de\u00a0<span style=\"font-size: 18px; font-weight: 400;\">savon noir<\/span>\u00a0+ 15 g de\u00a0<span style=\"font-size: 18px; font-weight: 400;\">bicarbonate de soude<\/span>\u00a0+ 330 g d&rsquo;<span style=\"font-size: 18px; font-weight: 400;\">eau chaude<\/span>\u00a0du robinet (<span style=\"font-size: 18px; font-weight: 400;\">facultatif<\/span> : + 70 gouttes d&rsquo;huile essentielle<\/span><span style=\"font-size: 18px; font-weight: 400;\">*<\/span><span style=\"font-size: 18px; font-weight: 400;\"> de pamplemousse). Mettre tous les ingr\u00e9dients dans un flacon et remuer.<\/span><\/span><\/li>\n<li style=\"font-size: 18px; font-style: normal; font-weight: 400; color: rgba(32, 30, 30, 0.81);\"><span style=\"color: #800080;\"><span style=\"text-decoration: underline;\">\u00c9ponges \u00ab\u00a0grattounettes\u00a0\u00bb<\/span> : laissez s\u00e9cher vos coquilles d\u2019\u0153ufs \u00e0 l&rsquo;air libre. Les broyer avec un blender ou hachoir, ni trop fines ni trop grosses (cf la photo ci-dessous). Les conserver dans un bocal ferm\u00e9. Elles servent \u00e9galement \u00e0 entretenir les canalisations. <\/span><\/li>\n<li style=\"font-size: 18px; font-style: normal; font-weight: 400; color: rgba(32, 30, 30, 0.81);\"><span style=\"color: #800080;\"><span style=\"text-decoration: underline;\"><span style=\"font-size: 18px; font-weight: 400;\">Lessive \u00e0 la cendre<\/span><\/span> : 1 mesure de cendre de bois tamis\u00e9e + 2 ou 3 mesures d&rsquo;eau de pluie de pr\u00e9f\u00e9rence. Dans un r\u00e9cipient m\u00e9langez la cendre \u00e0 l&rsquo;eau. Laissez mac\u00e9rer 48h tout en m\u00e9langeant de temps en temps . Filtrez le mac\u00e9r\u00e2t \u00e0 l&rsquo;aide de 6 \u00e0 8 \u00e9paisseurs de torchons. Votre lessive est pr\u00eate. Pr\u00e9f\u00e9rez les fragrances pour la parfumer. \u00c9vitez les huiles essentielles sauf si vous avez besoin d&rsquo;une action particuli\u00e8re. Co\u00fbt : 0\u20ac \u00e0 condition d&rsquo;utiliser de l&rsquo;eau de pluie.<\/span><\/li>\n<\/ul>\n<p><strong>\u00a0<\/strong><\/p>\n<p><span style=\"color: #ff0000;\">* <strong>Pr\u00e9cautions d&#8217;emploi des huiles essentielles<\/strong> :<\/span> <span style=\"color: #800080;\">Employez les huiles essentielles avec pr\u00e9cautions et mod\u00e9ration. Les huiles essentielles sont des produits puissants, qu\u2019il faut utiliser avec pr\u00e9caution et des restrictions sp\u00e9cifiques \u00e0 chacune d&rsquo;entre elles. Les femmes enceintes, allaitantes et les enfants ont g\u00e9n\u00e9ralement des dosages et contre-indications sp\u00e9cifiques. \u00c9viter le contour des yeux, les yeux et oreilles.<\/span><\/p>\n<p>\u00a0<\/p>\n<p><span style=\"color: #0000ff;\"><strong>\u00a0<\/strong><\/span><\/p>\n<p>\u00a0<\/p>\t\t\t\t\t\t\t\t<\/div>\n\t\t\t\t<\/div>\n\t\t\t\t\t<\/div>\n\t\t<\/div>\n\t\t\t\t\t<\/div>\n\t\t<\/section>\n\t\t\t\t<section class=\"elementor-section elementor-top-section elementor-element elementor-element-4433d04 elementor-section-boxed elementor-section-height-default elementor-section-height-default\" data-id=\"4433d04\" data-element_type=\"section\" data-e-type=\"section\">\n\t\t\t\t\t\t<div class=\"elementor-container elementor-column-gap-default\">\n\t\t\t\t\t<div class=\"elementor-column elementor-col-50 elementor-top-column elementor-element elementor-element-91e4be9\" data-id=\"91e4be9\" data-element_type=\"column\" data-e-type=\"column\">\n\t\t\t<div class=\"elementor-widget-wrap elementor-element-populated\">\n\t\t\t\t\t\t<div class=\"elementor-element elementor-element-2214712 elementor-widget elementor-widget-image\" data-id=\"2214712\" data-element_type=\"widget\" data-e-type=\"widget\" data-widget_type=\"image.default\">\n\t\t\t\t<div class=\"elementor-widget-container\">\n\t\t\t\t\t\t\t\t\t\t\t\t\t\t\t<img fetchpriority=\"high\" decoding=\"async\" width=\"300\" height=\"400\" src=\"https:\/\/ekorrigans.fr\/wp-content\/uploads\/2021\/02\/20210228_154546-300x400.jpg\" class=\"attachment-tileview size-tileview wp-image-1761 no-lazy\" alt=\"\" \/>\t\t\t\t\t\t\t\t\t\t\t\t\t\t\t<\/div>\n\t\t\t\t<\/div>\n\t\t\t\t\t<\/div>\n\t\t<\/div>\n\t\t\t\t<div class=\"elementor-column elementor-col-50 elementor-top-column elementor-element elementor-element-057798a\" data-id=\"057798a\" data-element_type=\"column\" data-e-type=\"column\">\n\t\t\t<div class=\"elementor-widget-wrap elementor-element-populated\">\n\t\t\t\t\t\t<div class=\"elementor-element elementor-element-8ab5e57 elementor-widget elementor-widget-image\" data-id=\"8ab5e57\" data-element_type=\"widget\" data-e-type=\"widget\" data-widget_type=\"image.default\">\n\t\t\t\t<div class=\"elementor-widget-container\">\n\t\t\t\t\t\t\t\t\t\t\t\t\t\t\t<img decoding=\"async\" width=\"391\" height=\"260\" src=\"https:\/\/ekorrigans.fr\/wp-content\/uploads\/2021\/02\/20210228_154554-391x260.jpg\" class=\"attachment-gridsquare size-gridsquare wp-image-1762 no-lazy\" alt=\"\" \/>\t\t\t\t\t\t\t\t\t\t\t\t\t\t\t<\/div>\n\t\t\t\t<\/div>\n\t\t\t\t\t<\/div>\n\t\t<\/div>\n\t\t\t\t\t<\/div>\n\t\t<\/section>\n\t\t\t\t<\/div>\n\t\t","protected":false},"excerpt":{"rendered":"<p>Dans la cuisine Les solutions de remplacements dans la cuisine sont diverses et vari\u00e9es. Ne jetez que si n\u00e9cessaire et remplacez au fur et \u00e0 mesure de vos besoins : [&hellip;]<\/p>\n","protected":false},"author":1,"featured_media":0,"parent":0,"menu_order":0,"comment_status":"closed","ping_status":"closed","template":"","meta":{"site-sidebar-layout":"default","site-content-layout":"default","ast-site-content-layout":"default","site-content-style":"default","site-sidebar-style":"default","ast-global-header-display":"","ast-banner-title-visibility":"","ast-main-header-display":"","ast-hfb-above-header-display":"","ast-hfb-below-header-display":"","ast-hfb-mobile-header-display":"","site-post-title":"","ast-breadcrumbs-content":"","ast-featured-img":"","footer-sml-layout":"","ast-disable-related-posts":"","theme-transparent-header-meta":"default","adv-header-id-meta":"","stick-header-meta":"","header-above-stick-meta":"","header-main-stick-meta":"","header-below-stick-meta":"","astra-migrate-meta-layouts":"default","ast-page-background-enabled":"default","ast-page-background-meta":{"desktop":{"background-color":"","background-image":"","background-repeat":"repeat","background-position":"center center","background-size":"auto","background-attachment":"scroll","background-type":"","background-media":"","overlay-type":"","overlay-color":"","overlay-opacity":"","overlay-gradient":""},"tablet":{"background-color":"","background-image":"","background-repeat":"repeat","background-position":"center center","background-size":"auto","background-attachment":"scroll","background-type":"","background-media":"","overlay-type":"","overlay-color":"","overlay-opacity":"","overlay-gradient":""},"mobile":{"background-color":"","background-image":"","background-repeat":"repeat","background-position":"center center","background-size":"auto","background-attachment":"scroll","background-type":"","background-media":"","overlay-type":"","overlay-color":"","overlay-opacity":"","overlay-gradient":""}},"ast-content-background-meta":{"desktop":{"background-color":"var(--ast-global-color-5)","background-image":"","background-repeat":"repeat","background-position":"center center","background-size":"auto","background-attachment":"scroll","background-type":"","background-media":"","overlay-type":"","overlay-color":"","overlay-opacity":"","overlay-gradient":""},"tablet":{"background-color":"var(--ast-global-color-5)","background-image":"","background-repeat":"repeat","background-position":"center center","background-size":"auto","background-attachment":"scroll","background-type":"","background-media":"","overlay-type":"","overlay-color":"","overlay-opacity":"","overlay-gradient":""},"mobile":{"background-color":"var(--ast-global-color-5)","background-image":"","background-repeat":"repeat","background-position":"center center","background-size":"auto","background-attachment":"scroll","background-type":"","background-media":"","overlay-type":"","overlay-color":"","overlay-opacity":"","overlay-gradient":""}},"footnotes":""},"class_list":["post-1493","page","type-page","status-publish","hentry"],"jetpack_sharing_enabled":true,"_links":{"self":[{"href":"https:\/\/ekorrigans.fr\/index.php\/wp-json\/wp\/v2\/pages\/1493","targetHints":{"allow":["GET"]}}],"collection":[{"href":"https:\/\/ekorrigans.fr\/index.php\/wp-json\/wp\/v2\/pages"}],"about":[{"href":"https:\/\/ekorrigans.fr\/index.php\/wp-json\/wp\/v2\/types\/page"}],"author":[{"embeddable":true,"href":"https:\/\/ekorrigans.fr\/index.php\/wp-json\/wp\/v2\/users\/1"}],"replies":[{"embeddable":true,"href":"https:\/\/ekorrigans.fr\/index.php\/wp-json\/wp\/v2\/comments?post=1493"}],"version-history":[{"count":47,"href":"https:\/\/ekorrigans.fr\/index.php\/wp-json\/wp\/v2\/pages\/1493\/revisions"}],"predecessor-version":[{"id":3798,"href":"https:\/\/ekorrigans.fr\/index.php\/wp-json\/wp\/v2\/pages\/1493\/revisions\/3798"}],"wp:attachment":[{"href":"https:\/\/ekorrigans.fr\/index.php\/wp-json\/wp\/v2\/media?parent=1493"}],"curies":[{"name":"wp","href":"https:\/\/api.w.org\/{rel}","templated":true}]}}