{"id":129,"date":"2020-12-07T20:15:50","date_gmt":"2020-12-07T19:15:50","guid":{"rendered":"http:\/\/ekorrigans.fr\/?page_id=129"},"modified":"2021-03-01T18:12:13","modified_gmt":"2021-03-01T17:12:13","slug":"jardin","status":"publish","type":"page","link":"https:\/\/ekorrigans.fr\/index.php\/jardin\/","title":{"rendered":"Jardin"},"content":{"rendered":"\t\t<div data-elementor-type=\"wp-page\" data-elementor-id=\"129\" class=\"elementor elementor-129\">\n\t\t\t\t\t\t<section class=\"elementor-section elementor-top-section elementor-element elementor-element-eca6c9c elementor-section-boxed elementor-section-height-default elementor-section-height-default\" data-id=\"eca6c9c\" data-element_type=\"section\" data-e-type=\"section\">\n\t\t\t\t\t\t<div class=\"elementor-container elementor-column-gap-default\">\n\t\t\t\t\t<div class=\"elementor-column elementor-col-100 elementor-top-column elementor-element elementor-element-6a50f27\" data-id=\"6a50f27\" data-element_type=\"column\" data-e-type=\"column\">\n\t\t\t<div class=\"elementor-widget-wrap elementor-element-populated\">\n\t\t\t\t\t\t<div class=\"elementor-element elementor-element-6500338 elementor-widget elementor-widget-heading\" data-id=\"6500338\" data-element_type=\"widget\" data-e-type=\"widget\" data-widget_type=\"heading.default\">\n\t\t\t\t<div class=\"elementor-widget-container\">\n\t\t\t\t\t<h2 class=\"elementor-heading-title elementor-size-default\">Pour un jardin qui favorise la biodiversit\u00e9.<\/h2>\t\t\t\t<\/div>\n\t\t\t\t<\/div>\n\t\t\t\t\t<\/div>\n\t\t<\/div>\n\t\t\t\t\t<\/div>\n\t\t<\/section>\n\t\t\t\t<section class=\"elementor-section elementor-top-section elementor-element elementor-element-f991db6 elementor-section-boxed elementor-section-height-default elementor-section-height-default\" data-id=\"f991db6\" data-element_type=\"section\" data-e-type=\"section\">\n\t\t\t\t\t\t<div class=\"elementor-container elementor-column-gap-default\">\n\t\t\t\t\t<div class=\"elementor-column elementor-col-100 elementor-top-column elementor-element elementor-element-2b6f799\" data-id=\"2b6f799\" data-element_type=\"column\" data-e-type=\"column\">\n\t\t\t<div class=\"elementor-widget-wrap elementor-element-populated\">\n\t\t\t\t\t\t<div class=\"elementor-element elementor-element-e6511e2 elementor-widget elementor-widget-text-editor\" data-id=\"e6511e2\" data-element_type=\"widget\" data-e-type=\"widget\" data-widget_type=\"text-editor.default\">\n\t\t\t\t<div class=\"elementor-widget-container\">\n\t\t\t\t\t\t\t\t\t<p><span style=\"color: #333333;\">Changez de regard sur votre jardin: Oui c&rsquo;est \u00ab\u00a0votre\u00a0\u00bb jardin, mais c&rsquo;est avant tout un coin de nature et vous pouvez choisir d&rsquo;en faire un havre de biodiversit\u00e9, d&rsquo;attirer les insectes, les pollinisateurs, les oiseaux et les petits mammif\u00e8res en leur offrant un environnement accueillant.<\/span><\/p><p><span style=\"color: #333333;\">Choisissez de planter des plantes et arbustes r\u00e9put\u00e9s pour attirer les pollinisateurs et les papillons, qui offrent des baies aux oiseaux. Votre potager vous le rendra bien. Attention: de mars \u00e0 fin juillet pour pr\u00e9server les nich\u00e9es, on ne taille pas sa haie!<\/span><\/p><p><span style=\"color: #333333;\">Installez nichoir, mangeoire, h\u00f4tel \u00e0 insectes et cabane \u00e0 h\u00e9rissons. R\u00e9cup\u00e9rez et fabriquez les vous-m\u00eame, c&rsquo;est tellement plus gratifiant. Bricolez et observez le r\u00e9sultat de sa cr\u00e9ation: les enfants adorent, surtout si cela sert la nature!<\/span><\/p><p><span style=\"font-size: 18px; color: #333333;\">Ayez au moins un c\u00f4t\u00e9 de votre terrain qui ne soit pas totalement clos pour que les petits mammif\u00e8res puissent circuler.<\/span><\/p><p><span style=\"color: #333333;\">Favorisez une tonte haute et le mulching (on laisse l&rsquo;herbe coup\u00e9e sur place). Laissez une partie de votre pelouse livr\u00e9e \u00e0 elle-m\u00eame! C&rsquo;est b\u00e9n\u00e9fique pour vous aussi. Les arguments sont par ici:<\/span>\u00a0<a href=\"https:\/\/www.jardipartage.fr\/ne-plus-tondre-pelouse\">https:\/\/www.jardipartage.fr\/ne-plus-tondre-pelouse <\/a><span style=\"color: #333333;\">Vous comprendrez pourquoi la pelouse \u00ab\u00a0terrain de golf\u00a0\u00bb est \u00e0 proscrire d\u00e9finitivement!<\/span><\/p><p><span style=\"color: #008000;\">Vous trouverez au bas de cette page des guides plein de conseils pour l&rsquo;am\u00e9nagement d&rsquo;un jardin \u00e9co-responsable&#8230;<\/span><\/p><p><span style=\"color: #333333;\">Et si vous avez de la place et \u00eates motiv\u00e9s, pourquoi ne pas cr\u00e9er une mare dans votre jardin. Niveau biodiversit\u00e9, succ\u00e8s garanti!<\/span><\/p><p><strong><span style=\"color: #008000;\"><span style=\"color: #008000;\">Fabriquez votre<\/span> nichoir.<\/span><\/strong> <span style=\"color: #333333;\">Lors de l&rsquo;atelier que nous avons anim\u00e9 avec \u00c9korrigans, nous avons choisi le mod\u00e8le \u00ab\u00a0bo\u00eete aux lettres\u00a0\u00bb, facile \u00e0 r\u00e9aliser avec un trou d&rsquo;entr\u00e9e correspondant au moineau. Il existe d&rsquo;autres mod\u00e8les selon qui on veut accueillir. Si possible, utilisez des chutes de bois (non trait\u00e9 bien s\u00fbr!), m\u00eame s&rsquo;il vous faut adapter les mesures donn\u00e9es. Suivez le lien: <\/span><a href=\"https:\/\/nichoirs.net\/page4.html\">https:\/\/nichoirs.net\/page4.html<\/a><\/p><p><span style=\"color: #008000;\">Quoi qu&rsquo;il en soit voici des consignes pour une installation optimale, valables pour tous:<\/span><\/p><p><span style=\"color: #333333;\">Fabriquez et installez le nichoir avant l&rsquo;hiver car m\u00eame s&rsquo;ils n&rsquo;y feront leurs nids que plus tard, les oiseaux rep\u00e8rent les lieux en avance et pourront m\u00eame s&rsquo;y abriter en cas d&rsquo;hiver tr\u00e8s rigoureux. Si vous voulez installer plusieurs nichoirs destin\u00e9s \u00e0 la m\u00eame esp\u00e8ce, il doit y avoir au moins 20 m\u00e8tres entre les 2 pour \u00e9viter les bagarres. De m\u00eame, si vous mettez une mangeoire, elle ne doit pas \u00eatre trop proche d&rsquo;un nichoir.<br \/><\/span><\/p><p><span style=\"color: #333333;\">Plusieurs conseils \u00e0 suivre pour contrer les chats: Installez le nichoir sur un poteau, un mur ou un arbre \u00e0 plus de 2 m\u00e8tres du sol. Le trou d&rsquo;entr\u00e9e doit absolument \u00eatre perc\u00e9 dans le tiers sup\u00e9rieur du nichoir pour que le nid, au fond du nichoir soit hors de port\u00e9e d&rsquo;une patte de chat! L&rsquo;entr\u00e9e, orient\u00e9e id\u00e9alement S\/E et dos aux vents, doit \u00eatre bien d\u00e9gag\u00e9e pour faciliter l&rsquo;envol et l&rsquo;atterrissage, et il ne doit pas trop y avoir de branches \u00e0 proximit\u00e9. Il existe aussi des dispositifs \u00ab\u00a0anti-chat\u00a0\u00bb \u00e0 installer sur le tronc.<br \/><\/span><\/p><p><span style=\"color: #333333;\">Pour ne pas blesser l&rsquo;arbre ni entraver sa croissance, ne fixez pas le nichoir avec des clous, mais attachez le plut\u00f4t avec un c\u00e2ble \u00e9lectrique ou une corde en laissant une cale contre l&rsquo;arbre. <\/span><\/p><p><span style=\"color: #333333;\">Enfin, nettoyez le nichoir \u00e0 l&rsquo;automne quand on est s\u00fbr qu&rsquo;il est bel et bien vide (il y a parfois des retardataires), avec une brosse, de l&rsquo;eau et du vinaigre simplement. Le fait de pouvoir l&rsquo;ouvrir est donc crucial car sinon pas de nouveaux locataires l&rsquo;ann\u00e9e d&rsquo;apr\u00e8s. Et c&rsquo;est reparti pour un tour!<\/span><\/p><p><strong><span style=\"color: #008000;\">Pour le nourrissage<\/span><\/strong> <span style=\"color: #333333;\">rien de tel que l&rsquo;avis d&rsquo;experts de la Ligue Protectrice des Oiseaux:<\/span> <a href=\"https:\/\/www.lpo.fr\/actualite\/nourrir-les-oiseaux-de-son-jardin-en-hiver\">https:\/\/www.lpo.fr\/actualite\/nourrir-les-oiseaux-de-son-jardin-en-hiver <\/a><\/p><p><span style=\"color: #333333;\">J&rsquo;ajouterai qu&rsquo;il y a 2 erreurs \u00e0 ne pas commettre: pas de boules de graisses en filets car les oiseaux peuvent s&rsquo;y bloquer les griffes, et pas de pain ni de biscottes etc&#8230; car non seulement leurs estomacs ne sont pas adapt\u00e9s \u00e0 la nourriture humaine mais en plus celle-ci leur donne l&rsquo;illusion d&rsquo;\u00eatre rassasi\u00e9s alors qu&rsquo;il n&rsquo;en est rien. En plein hiver cela peut \u00eatre dangereux.<\/span><\/p><p><strong><span style=\"color: #008000;\">Pour l&rsquo;h\u00f4tel \u00e0 insecte,<\/span><\/strong> <span style=\"color: #333333;\">il n&rsquo;y a pas de mod\u00e8le \u00e0 suivre imp\u00e9rativement. Il faut surtout si possible r\u00e9utiliser des mat\u00e9riaux existants qui tra\u00eenent dans votre jardin ou votre garage (chutes de bois non trait\u00e9, vieux pots&#8230;) et l&rsquo;exposer S\/E. On peut en faire un grand ou plusieurs petits. Les h\u00f4tels \u00e0 insectes sont tendance&#8230; m\u00e9fiance donc. Certains mod\u00e8les bien que tr\u00e8s jolis sont donc loin d&rsquo;\u00eatre l&rsquo;id\u00e9al. De bons conseils par ici: <a href=\"https:\/\/www.rustica.fr\/biodiversite\/fabriquer-abris-pour-insectes,3659.html\">https:\/\/www.rustica.fr\/biodiversite\/fabriquer-abris-pour-insectes,3659.html<\/a><\/span><\/p><p><strong><span style=\"color: #008000;\">L&rsquo;abri \u00e0 h\u00e9risson,<\/span><\/strong> <span style=\"color: #333333;\">lui n&rsquo;est utile que si votre jardin n&rsquo;est pas totalement clos&#8230; Ben oui, un h\u00e9risson \u00e7a ne vole pas! Il faut 3 fois rien pour leur cr\u00e9er un abri: une cagette r\u00e9cup\u00e9r\u00e9e \u00e0 la fin du march\u00e9 par exemple. Il y a plein d&rsquo;informations utiles sur comment proc\u00e9der et sur le r\u00f4le des h\u00e9rissons sur ce site:<\/span> <a href=\"http:\/\/www.hameaudesherissons.fr\/index.php?id_page=abris.php\">http:\/\/www.hameaudesherissons.fr \/index.php?id_page=abris.php<\/a><\/p><p><strong><span style=\"color: #008000;\">Pour un compost d&rsquo;appartement<\/span><\/strong><strong><span style=\"color: #008000;\">, <\/span><\/strong><span style=\"color: #808080;\"><span style=\"color: #333333;\">sans ver de terre ni activateur de compost, avec un simple carton, vous pouvez regarder la vid\u00e9o qui suit <a href=\"https:\/\/youtu.be\/G-xplyWKCMA\">https:\/\/youtu.be\/G-xplyWKCMA<\/a><\/span><\/span><\/p><p><span style=\"color: #808080;\"><span style=\"color: #333333;\">ou aller sur le site suivant :\u00a0 <a href=\"https:\/\/www.creatures-compost.org\/\">https:\/\/www.creatures-compost.org\/<\/a><\/span><\/span><\/p><p><span style=\"color: #808080;\"><span style=\"color: #000000;\">Guide <span style=\"color: #008000;\">\u00ab\u00a0Mon jardin z\u00e9ro d\u00e9chets\u00a0\u00bb<\/span> \u00e9dit\u00e9 par l&rsquo;ADEME et le Symeed 29 :<\/span><span style=\"color: #008000;\"><a style=\"color: #008000;\" href=\"https:\/\/www.ademe.fr\/sites\/default\/files\/assets\/documents\/guide-jardin-zero-dechet.pdf\"><strong> ici<\/strong>\u00a0<\/a><\/span><\/span><\/p><p><span style=\"color: #808080;\"><span style=\"color: #000000;\">Guide pratique <span style=\"color: #008000;\">\u00ab\u00a0Mon jardin<\/span> <span style=\"color: #008000;\">malin\u00a0\u00bb <span style=\"color: #333333;\">\u00e9dit\u00e9 par l&rsquo;ADEME<\/span> <span style=\"color: #333333;\">et le Symeed 29<\/span><\/span> :<\/span><strong><span style=\"color: #008000;\"><a style=\"color: #008000;\" href=\"https:\/\/www.ademe.fr\/sites\/default\/files\/assets\/documents\/guide-jardin-malin_2015.pdf\"> ici<\/a><\/span><\/strong><\/span><\/p><p><span style=\"color: #808080;\"><span style=\"color: #000000;\">Guide <span style=\"color: #008000;\">\u00ab\u00a0Composter c&rsquo;est utile\u00a0\u00bb<\/span> partie 1, \u00e9dit\u00e9 par Haut L\u00e9on Communaut\u00e9 <\/span><b><span style=\"color: #000000;\">:<\/span> <a href=\"https:\/\/pays-de-landivisiau.com\/images\/pdf\/Environnement\/2012_05_guide_de_compostagerecto.pdf\"><span style=\"color: #008000;\">ici<\/span><\/a>\u00a0<\/b><\/span><\/p><p><span style=\"font-size: 18px; font-style: normal; font-weight: 400; color: #000000;\">Guide <span style=\"color: #008000;\">\u00ab\u00a0Composter c&rsquo;est utile\u00a0\u00bb<\/span> partie 2, \u00e9dit\u00e9 par Haut L\u00e9on Communaut\u00e9 <\/span><span style=\"font-weight: bold; color: #808080; font-size: 18px; font-style: normal;\"><span style=\"font-size: 18px; color: #000000;\">:<\/span>\u00a0<a style=\"font-size: 18px;\" href=\"https:\/\/pays-de-landivisiau.com\/images\/pdf\/Environnement\/2012_05_guide_de_compostageverso.pdf\"><span style=\"font-size: 18px; color: #008000;\">ici<\/span><\/a>\u00a0<\/span><span style=\"color: #808080;\"><b><br \/><\/b><\/span><\/p><p><span style=\"color: #808080;\">\u00a0<\/span><\/p>\t\t\t\t\t\t\t\t<\/div>\n\t\t\t\t<\/div>\n\t\t\t\t\t<\/div>\n\t\t<\/div>\n\t\t\t\t\t<\/div>\n\t\t<\/section>\n\t\t\t\t<\/div>\n\t\t","protected":false},"excerpt":{"rendered":"<p>Pour un jardin qui favorise la biodiversit\u00e9. Changez de regard sur votre jardin: Oui c&rsquo;est \u00ab\u00a0votre\u00a0\u00bb jardin, mais c&rsquo;est avant tout un coin de nature et vous pouvez choisir d&rsquo;en [&hellip;]<\/p>\n","protected":false},"author":1,"featured_media":0,"parent":0,"menu_order":0,"comment_status":"closed","ping_status":"closed","template":"","meta":{"site-sidebar-layout":"default","site-content-layout":"default","ast-site-content-layout":"default","site-content-style":"default","site-sidebar-style":"default","ast-global-header-display":"","ast-banner-title-visibility":"","ast-main-header-display":"","ast-hfb-above-header-display":"","ast-hfb-below-header-display":"","ast-hfb-mobile-header-display":"","site-post-title":"","ast-breadcrumbs-content":"","ast-featured-img":"","footer-sml-layout":"","ast-disable-related-posts":"","theme-transparent-header-meta":"default","adv-header-id-meta":"","stick-header-meta":"","header-above-stick-meta":"","header-main-stick-meta":"","header-below-stick-meta":"","astra-migrate-meta-layouts":"default","ast-page-background-enabled":"default","ast-page-background-meta":{"desktop":{"background-color":"","background-image":"","background-repeat":"repeat","background-position":"center center","background-size":"auto","background-attachment":"scroll","background-type":"","background-media":"","overlay-type":"","overlay-color":"","overlay-opacity":"","overlay-gradient":""},"tablet":{"background-color":"","background-image":"","background-repeat":"repeat","background-position":"center center","background-size":"auto","background-attachment":"scroll","background-type":"","background-media":"","overlay-type":"","overlay-color":"","overlay-opacity":"","overlay-gradient":""},"mobile":{"background-color":"","background-image":"","background-repeat":"repeat","background-position":"center center","background-size":"auto","background-attachment":"scroll","background-type":"","background-media":"","overlay-type":"","overlay-color":"","overlay-opacity":"","overlay-gradient":""}},"ast-content-background-meta":{"desktop":{"background-color":"var(--ast-global-color-5)","background-image":"","background-repeat":"repeat","background-position":"center center","background-size":"auto","background-attachment":"scroll","background-type":"","background-media":"","overlay-type":"","overlay-color":"","overlay-opacity":"","overlay-gradient":""},"tablet":{"background-color":"var(--ast-global-color-5)","background-image":"","background-repeat":"repeat","background-position":"center center","background-size":"auto","background-attachment":"scroll","background-type":"","background-media":"","overlay-type":"","overlay-color":"","overlay-opacity":"","overlay-gradient":""},"mobile":{"background-color":"var(--ast-global-color-5)","background-image":"","background-repeat":"repeat","background-position":"center center","background-size":"auto","background-attachment":"scroll","background-type":"","background-media":"","overlay-type":"","overlay-color":"","overlay-opacity":"","overlay-gradient":""}},"footnotes":""},"class_list":["post-129","page","type-page","status-publish","hentry"],"jetpack_sharing_enabled":true,"_links":{"self":[{"href":"https:\/\/ekorrigans.fr\/index.php\/wp-json\/wp\/v2\/pages\/129","targetHints":{"allow":["GET"]}}],"collection":[{"href":"https:\/\/ekorrigans.fr\/index.php\/wp-json\/wp\/v2\/pages"}],"about":[{"href":"https:\/\/ekorrigans.fr\/index.php\/wp-json\/wp\/v2\/types\/page"}],"author":[{"embeddable":true,"href":"https:\/\/ekorrigans.fr\/index.php\/wp-json\/wp\/v2\/users\/1"}],"replies":[{"embeddable":true,"href":"https:\/\/ekorrigans.fr\/index.php\/wp-json\/wp\/v2\/comments?post=129"}],"version-history":[{"count":175,"href":"https:\/\/ekorrigans.fr\/index.php\/wp-json\/wp\/v2\/pages\/129\/revisions"}],"predecessor-version":[{"id":1817,"href":"https:\/\/ekorrigans.fr\/index.php\/wp-json\/wp\/v2\/pages\/129\/revisions\/1817"}],"wp:attachment":[{"href":"https:\/\/ekorrigans.fr\/index.php\/wp-json\/wp\/v2\/media?parent=129"}],"curies":[{"name":"wp","href":"https:\/\/api.w.org\/{rel}","templated":true}]}}